{"id":60,"date":"2020-08-28T15:00:28","date_gmt":"2020-08-28T13:00:28","guid":{"rendered":"http:\/\/patrickbiechel.com\/?page_id=60"},"modified":"2020-08-28T15:03:38","modified_gmt":"2020-08-28T13:03:38","slug":"contact","status":"publish","type":"page","link":"https:\/\/patrickbiechel.com\/index.php\/a-propos\/contact\/","title":{"rendered":"Contact"},"content":{"rendered":"\n<ul class=\"wp-block-list\"><li><strong>Mentions l\u00e9gales<\/strong>\u00a0: en envoyant ce formulaire, vous acceptez que les informations saisies soient utilis\u00e9es pour vous contacter dans le cadre de votre demande ci-dessus. Vous autorisez CATHEDRALE CONSEILS \u00e0 vous contacter par courrier \u00e9lectronique \u00e0 propos des solutions et services disponibles aux catalogues, y compris les nouveaut\u00e9s produits, newsletter et invitations \u00e0 des \u00e9v\u00e9nements. Les donn\u00e9es vous concernant ne seront pas c\u00e9d\u00e9es \u00e0 des tiers et seront utilis\u00e9es uniquement dans le but pr\u00e9cis\u00e9 ci-dessus. Vous disposez d\u2019un droit d\u2019acc\u00e8s, de modification, de rectification et de suppression des donn\u00e9es qui vous concernent (art. 34 de la loi \u00ab Informatique et Libert\u00e9s \u00bb). Pour l\u2019exercer, veuillez adresser un email \u00e0 info@articque.com ayant pour objet \u00ab D\u00e9sinscription \u00bb.<\/li><\/ul>\n\n\n\n<p><\/p>\n","protected":false},"excerpt":{"rendered":"<p>Mentions l\u00e9gales\u00a0: en envoyant ce formulaire, vous acceptez que les informations saisies soient utilis\u00e9es pour vous contacter dans le cadre de votre demande ci-dessus. Vous autorisez CATHEDRALE CONSEILS \u00e0 vous contacter par courrier \u00e9lectronique \u00e0 propos des solutions et services disponibles aux catalogues, y compris les nouveaut\u00e9s produits, newsletter et invitations \u00e0 des \u00e9v\u00e9nements. Les &#8230; <a title=\"Contact\" class=\"read-more\" href=\"https:\/\/patrickbiechel.com\/index.php\/a-propos\/contact\/\" aria-label=\"En savoir plus sur Contact\">Lire la suite<\/a><\/p>\n","protected":false},"author":1,"featured_media":0,"parent":18,"menu_order":2,"comment_status":"closed","ping_status":"closed","template":"","meta":{"_monsterinsights_skip_tracking":false,"_monsterinsights_sitenote_active":false,"_monsterinsights_sitenote_note":"","_monsterinsights_sitenote_category":0,"footnotes":""},"class_list":["post-60","page","type-page","status-publish"],"_links":{"self":[{"href":"https:\/\/patrickbiechel.com\/index.php\/wp-json\/wp\/v2\/pages\/60","targetHints":{"allow":["GET"]}}],"collection":[{"href":"https:\/\/patrickbiechel.com\/index.php\/wp-json\/wp\/v2\/pages"}],"about":[{"href":"https:\/\/patrickbiechel.com\/index.php\/wp-json\/wp\/v2\/types\/page"}],"author":[{"embeddable":true,"href":"https:\/\/patrickbiechel.com\/index.php\/wp-json\/wp\/v2\/users\/1"}],"replies":[{"embeddable":true,"href":"https:\/\/patrickbiechel.com\/index.php\/wp-json\/wp\/v2\/comments?post=60"}],"version-history":[{"count":2,"href":"https:\/\/patrickbiechel.com\/index.php\/wp-json\/wp\/v2\/pages\/60\/revisions"}],"predecessor-version":[{"id":63,"href":"https:\/\/patrickbiechel.com\/index.php\/wp-json\/wp\/v2\/pages\/60\/revisions\/63"}],"up":[{"embeddable":true,"href":"https:\/\/patrickbiechel.com\/index.php\/wp-json\/wp\/v2\/pages\/18"}],"wp:attachment":[{"href":"https:\/\/patrickbiechel.com\/index.php\/wp-json\/wp\/v2\/media?parent=60"}],"curies":[{"name":"wp","href":"https:\/\/api.w.org\/{rel}","templated":true}]}}